{"id":53,"date":"2024-07-06T18:04:42","date_gmt":"2024-07-06T16:04:42","guid":{"rendered":"https:\/\/folklorekuttolsheim.fr\/?page_id=53"},"modified":"2024-08-14T14:22:47","modified_gmt":"2024-08-14T12:22:47","slug":"accueil","status":"publish","type":"page","link":"https:\/\/folklorekuttolsheim.fr\/","title":{"rendered":"Accueil"},"content":{"rendered":"\t\t<div data-elementor-type=\"wp-page\" data-elementor-id=\"53\" class=\"elementor elementor-53\">\n\t\t\t\t<div class=\"elementor-element elementor-element-19b103a e-flex e-con-boxed e-con e-parent\" data-id=\"19b103a\" data-element_type=\"container\">\n\t\t\t\t\t<div class=\"e-con-inner\">\n\t\t\t\t<div class=\"elementor-element elementor-element-2358b7a elementor-widget elementor-widget-image\" data-id=\"2358b7a\" data-element_type=\"widget\" data-widget_type=\"image.default\">\n\t\t\t\t<div class=\"elementor-widget-container\">\n\t\t\t<style>\/*! elementor - v3.23.0 - 05-08-2024 *\/\n.elementor-widget-image{text-align:center}.elementor-widget-image a{display:inline-block}.elementor-widget-image a img[src$=\".svg\"]{width:48px}.elementor-widget-image img{vertical-align:middle;display:inline-block}<\/style>\t\t\t\t\t\t\t\t\t\t<img fetchpriority=\"high\" decoding=\"async\" width=\"1397\" height=\"711\" src=\"https:\/\/folklorekuttolsheim.fr\/wp-content\/uploads\/2024\/06\/IMG-20230518-WA0050-2.jpg\" class=\"attachment-full size-full wp-image-17\" alt=\"\" srcset=\"https:\/\/folklorekuttolsheim.fr\/wp-content\/uploads\/2024\/06\/IMG-20230518-WA0050-2.jpg 1397w, https:\/\/folklorekuttolsheim.fr\/wp-content\/uploads\/2024\/06\/IMG-20230518-WA0050-2-300x153.jpg 300w, https:\/\/folklorekuttolsheim.fr\/wp-content\/uploads\/2024\/06\/IMG-20230518-WA0050-2-1024x521.jpg 1024w, https:\/\/folklorekuttolsheim.fr\/wp-content\/uploads\/2024\/06\/IMG-20230518-WA0050-2-768x391.jpg 768w\" sizes=\"(max-width: 1397px) 100vw, 1397px\" \/>\t\t\t\t\t\t\t\t\t\t\t\t\t<\/div>\n\t\t\t\t<\/div>\n\t\t\t\t<div class=\"elementor-element elementor-element-379195c elementor-widget elementor-widget-heading\" data-id=\"379195c\" data-element_type=\"widget\" data-widget_type=\"heading.default\">\n\t\t\t\t<div class=\"elementor-widget-container\">\n\t\t\t<style>\/*! elementor - v3.23.0 - 05-08-2024 *\/\n.elementor-heading-title{padding:0;margin:0;line-height:1}.elementor-widget-heading .elementor-heading-title[class*=elementor-size-]>a{color:inherit;font-size:inherit;line-height:inherit}.elementor-widget-heading .elementor-heading-title.elementor-size-small{font-size:15px}.elementor-widget-heading .elementor-heading-title.elementor-size-medium{font-size:19px}.elementor-widget-heading .elementor-heading-title.elementor-size-large{font-size:29px}.elementor-widget-heading .elementor-heading-title.elementor-size-xl{font-size:39px}.elementor-widget-heading .elementor-heading-title.elementor-size-xxl{font-size:59px}<\/style><h2 class=\"elementor-heading-title elementor-size-default\">Groupe d'Arts et Traditions Populaires de Kuttolsheim<\/h2>\t\t<\/div>\n\t\t\t\t<\/div>\n\t\t\t\t\t<\/div>\n\t\t\t\t<\/div>\n\t\t<div class=\"elementor-element elementor-element-5b0faf6 e-flex e-con-boxed e-con e-parent\" data-id=\"5b0faf6\" data-element_type=\"container\">\n\t\t\t\t\t<div class=\"e-con-inner\">\n\t\t\t\t<div class=\"elementor-element elementor-element-c46472d elementor-widget elementor-widget-spacer\" data-id=\"c46472d\" data-element_type=\"widget\" data-widget_type=\"spacer.default\">\n\t\t\t\t<div class=\"elementor-widget-container\">\n\t\t\t<style>\/*! elementor - v3.23.0 - 05-08-2024 *\/\n.elementor-column .elementor-spacer-inner{height:var(--spacer-size)}.e-con{--container-widget-width:100%}.e-con-inner>.elementor-widget-spacer,.e-con>.elementor-widget-spacer{width:var(--container-widget-width,var(--spacer-size));--align-self:var(--container-widget-align-self,initial);--flex-shrink:0}.e-con-inner>.elementor-widget-spacer>.elementor-widget-container,.e-con>.elementor-widget-spacer>.elementor-widget-container{height:100%;width:100%}.e-con-inner>.elementor-widget-spacer>.elementor-widget-container>.elementor-spacer,.e-con>.elementor-widget-spacer>.elementor-widget-container>.elementor-spacer{height:100%}.e-con-inner>.elementor-widget-spacer>.elementor-widget-container>.elementor-spacer>.elementor-spacer-inner,.e-con>.elementor-widget-spacer>.elementor-widget-container>.elementor-spacer>.elementor-spacer-inner{height:var(--container-widget-height,var(--spacer-size))}.e-con-inner>.elementor-widget-spacer.elementor-widget-empty,.e-con>.elementor-widget-spacer.elementor-widget-empty{position:relative;min-height:22px;min-width:22px}.e-con-inner>.elementor-widget-spacer.elementor-widget-empty .elementor-widget-empty-icon,.e-con>.elementor-widget-spacer.elementor-widget-empty .elementor-widget-empty-icon{position:absolute;top:0;bottom:0;left:0;right:0;margin:auto;padding:0;width:22px;height:22px}<\/style>\t\t<div class=\"elementor-spacer\">\n\t\t\t<div class=\"elementor-spacer-inner\"><\/div>\n\t\t<\/div>\n\t\t\t\t<\/div>\n\t\t\t\t<\/div>\n\t\t\t\t<div class=\"elementor-element elementor-element-f5c4cd5 elementor-widget elementor-widget-heading\" data-id=\"f5c4cd5\" data-element_type=\"widget\" data-widget_type=\"heading.default\">\n\t\t\t\t<div class=\"elementor-widget-container\">\n\t\t\t<h2 class=\"elementor-heading-title elementor-size-default\">Pr\u00e9sentation<\/h2>\t\t<\/div>\n\t\t\t\t<\/div>\n\t\t\t\t<div class=\"elementor-element elementor-element-54a08a6 elementor-widget elementor-widget-text-editor\" data-id=\"54a08a6\" data-element_type=\"widget\" data-widget_type=\"text-editor.default\">\n\t\t\t\t<div class=\"elementor-widget-container\">\n\t\t\t<style>\/*! elementor - v3.23.0 - 05-08-2024 *\/\n.elementor-widget-text-editor.elementor-drop-cap-view-stacked .elementor-drop-cap{background-color:#69727d;color:#fff}.elementor-widget-text-editor.elementor-drop-cap-view-framed .elementor-drop-cap{color:#69727d;border:3px solid;background-color:transparent}.elementor-widget-text-editor:not(.elementor-drop-cap-view-default) .elementor-drop-cap{margin-top:8px}.elementor-widget-text-editor:not(.elementor-drop-cap-view-default) .elementor-drop-cap-letter{width:1em;height:1em}.elementor-widget-text-editor .elementor-drop-cap{float:left;text-align:center;line-height:1;font-size:50px}.elementor-widget-text-editor .elementor-drop-cap-letter{display:inline-block}<\/style>\t\t\t\t<p>Le <strong>Groupe d&#8217;Arts et Traditions Populaires de Kuttolsheim<\/strong>, plus commun\u00e9ment appel\u00e9 GATP Kuttolsheim, est un groupe folklorique alsacien issu d&#8217;un village typique situ\u00e9 au c\u0153ur du <strong>Kochersberg<\/strong>, au pied du vignoble alsacien. Fort de son accord\u00e9oniste talentueux, le groupe s\u2019est constitu\u00e9 en 1974.<\/p><p>Depuis 1997, le GATP Kuttolsheim honore certains contrats avec l\u2019orchestre folklorique \u00ab VEHRELE \u00bb de Hochfelden, enrichissant ainsi ses prestations musicales.<\/p><p>Notre objectif est multiple : nous nous engageons \u00e0 conserver le costume paysan local, \u00e0 pratiquer et d\u00e9velopper la musique, le chant et la danse populaire. Nous nous d\u00e9vouons \u00e9galement \u00e0 la recherche, au maintien et \u00e0 la reconstitution des vieilles coutumes locales ainsi qu&#8217;\u00e0 toutes les autres activit\u00e9s d\u2019\u00e9ducation populaire.<\/p><p>Nos membres portent fi\u00e8rement un m\u00e9lange de <strong>costumes authentiques<\/strong>, illustrant la richesse et la diversit\u00e9 des tenues traditionnelles de cette r\u00e9gion alsacienne \u00e0 l\u2019\u00e9poque.<\/p><p>Ensemble, nous \u0153uvrons pour pr\u00e9server et partager notre patrimoine culturel, en apportant une touche de vie et d\u2019authenticit\u00e9 \u00e0 chaque repr\u00e9sentation.<\/p>\t\t\t\t\t\t<\/div>\n\t\t\t\t<\/div>\n\t\t\t\t\t<\/div>\n\t\t\t\t<\/div>\n\t\t<div class=\"elementor-element elementor-element-1596eee e-flex e-con-boxed e-con e-parent\" data-id=\"1596eee\" data-element_type=\"container\">\n\t\t\t\t\t<div class=\"e-con-inner\">\n\t\t\t\t\t<\/div>\n\t\t\t\t<\/div>\n\t\t\t\t<\/div>\n\t\t","protected":false},"excerpt":{"rendered":"<p>Groupe d&#8217;Arts et Traditions Populaires de Kuttolsheim Pr\u00e9sentation Le Groupe d&#8217;Arts et Traditions Populaires de Kuttolsheim, plus commun\u00e9ment appel\u00e9 GATP Kuttolsheim, est un groupe folklorique &hellip;<\/p>\n","protected":false},"author":1,"featured_media":0,"parent":0,"menu_order":0,"comment_status":"closed","ping_status":"closed","template":"","meta":{"footnotes":""},"class_list":["post-53","page","type-page","status-publish","hentry"],"_links":{"self":[{"href":"https:\/\/folklorekuttolsheim.fr\/index.php?rest_route=\/wp\/v2\/pages\/53","targetHints":{"allow":["GET"]}}],"collection":[{"href":"https:\/\/folklorekuttolsheim.fr\/index.php?rest_route=\/wp\/v2\/pages"}],"about":[{"href":"https:\/\/folklorekuttolsheim.fr\/index.php?rest_route=\/wp\/v2\/types\/page"}],"author":[{"embeddable":true,"href":"https:\/\/folklorekuttolsheim.fr\/index.php?rest_route=\/wp\/v2\/users\/1"}],"replies":[{"embeddable":true,"href":"https:\/\/folklorekuttolsheim.fr\/index.php?rest_route=%2Fwp%2Fv2%2Fcomments&post=53"}],"version-history":[{"count":46,"href":"https:\/\/folklorekuttolsheim.fr\/index.php?rest_route=\/wp\/v2\/pages\/53\/revisions"}],"predecessor-version":[{"id":333,"href":"https:\/\/folklorekuttolsheim.fr\/index.php?rest_route=\/wp\/v2\/pages\/53\/revisions\/333"}],"wp:attachment":[{"href":"https:\/\/folklorekuttolsheim.fr\/index.php?rest_route=%2Fwp%2Fv2%2Fmedia&parent=53"}],"curies":[{"name":"wp","href":"https:\/\/api.w.org\/{rel}","templated":true}]}}