{"id":49,"date":"2024-07-06T18:02:47","date_gmt":"2024-07-06T16:02:47","guid":{"rendered":"https:\/\/folklorekuttolsheim.fr\/?page_id=49"},"modified":"2024-08-02T17:26:28","modified_gmt":"2024-08-02T15:26:28","slug":"costumes","status":"publish","type":"page","link":"https:\/\/folklorekuttolsheim.fr\/?page_id=49","title":{"rendered":"Costumes"},"content":{"rendered":"\t\t<div data-elementor-type=\"wp-page\" data-elementor-id=\"49\" class=\"elementor elementor-49\">\n\t\t\t\t<div class=\"elementor-element elementor-element-0d3fda1 e-flex e-con-boxed e-con e-parent\" data-id=\"0d3fda1\" data-element_type=\"container\">\n\t\t\t\t\t<div class=\"e-con-inner\">\n\t\t\t\t<div class=\"elementor-element elementor-element-d925765 elementor-widget elementor-widget-heading\" data-id=\"d925765\" data-element_type=\"widget\" data-widget_type=\"heading.default\">\n\t\t\t\t<div class=\"elementor-widget-container\">\n\t\t\t<style>\/*! elementor - v3.23.0 - 05-08-2024 *\/\n.elementor-heading-title{padding:0;margin:0;line-height:1}.elementor-widget-heading .elementor-heading-title[class*=elementor-size-]>a{color:inherit;font-size:inherit;line-height:inherit}.elementor-widget-heading .elementor-heading-title.elementor-size-small{font-size:15px}.elementor-widget-heading .elementor-heading-title.elementor-size-medium{font-size:19px}.elementor-widget-heading .elementor-heading-title.elementor-size-large{font-size:29px}.elementor-widget-heading .elementor-heading-title.elementor-size-xl{font-size:39px}.elementor-widget-heading .elementor-heading-title.elementor-size-xxl{font-size:59px}<\/style><h2 class=\"elementor-heading-title elementor-size-default\">Parler du costume alsacien c\u2019est d\u00e9couvrir la richesse, la vari\u00e9t\u00e9 des formes et des couleurs.<\/h2>\t\t<\/div>\n\t\t\t\t<\/div>\n\t\t\t\t\t<\/div>\n\t\t\t\t<\/div>\n\t\t<div class=\"elementor-element elementor-element-020407a e-flex e-con-boxed e-con e-parent\" data-id=\"020407a\" data-element_type=\"container\">\n\t\t\t\t\t<div class=\"e-con-inner\">\n\t\t\t\t<div class=\"elementor-element elementor-element-a7bf8ce elementor-widget elementor-widget-text-editor\" data-id=\"a7bf8ce\" data-element_type=\"widget\" data-widget_type=\"text-editor.default\">\n\t\t\t\t<div class=\"elementor-widget-container\">\n\t\t\t<style>\/*! elementor - v3.23.0 - 05-08-2024 *\/\n.elementor-widget-text-editor.elementor-drop-cap-view-stacked .elementor-drop-cap{background-color:#69727d;color:#fff}.elementor-widget-text-editor.elementor-drop-cap-view-framed .elementor-drop-cap{color:#69727d;border:3px solid;background-color:transparent}.elementor-widget-text-editor:not(.elementor-drop-cap-view-default) .elementor-drop-cap{margin-top:8px}.elementor-widget-text-editor:not(.elementor-drop-cap-view-default) .elementor-drop-cap-letter{width:1em;height:1em}.elementor-widget-text-editor .elementor-drop-cap{float:left;text-align:center;line-height:1;font-size:50px}.elementor-widget-text-editor .elementor-drop-cap-letter{display:inline-block}<\/style>\t\t\t\t<p>Le <strong>costume alsacien<\/strong> est d\u00e9fini par <strong>un code vestimentaire tr\u00e8s strict<\/strong> qui date du Moyen-Age. Rien qu&#8217;en regardant le costume, nous pouvions situer la personne socialement. En effet, <strong>i<\/strong><strong>l v\u00e9hicule beaucoup d\u2019informations, <\/strong>telles que le <strong>statut<\/strong> (c\u00e9libataire, mari\u00e9, veuf), la <strong>richesse<\/strong>, la <strong>confession<\/strong> de la personne qui le porte.<\/p><p>Il est absolument erron\u00e9 de croire que le costume alsacien se r\u00e9sume \u00e0 la longue robe rouge et la grande coiffe noire ; cette image st\u00e9r\u00e9otyp\u00e9e de l\u2019Alsacienne a \u00e9t\u00e9 forg\u00e9e par les \u00e9v\u00e8nements historiques \u00e0 partir de 1870 (cocarde tricolore et robe rouge pour d\u00e9montrer son patriotisme). En r\u00e9alit\u00e9, <strong>notre patrimoine est beaucoup plus riche !<\/strong><\/p><p><strong>Kuttolsheim est un village du Kochersberg, <\/strong>r\u00e9gion agricole relativement riche ; richesse qui se refl\u00e8te dans nos costumes.<\/p><p>Le <strong>Kochersberg<\/strong> et le <strong>Pays de Hanau<\/strong> sont les deux r\u00e9gions alsaciennes o\u00f9 le costume s&#8217;est maintenu jusqu&#8217;\u00e0 l&#8217;entre Deux Guerres.<\/p>\t\t\t\t\t\t<\/div>\n\t\t\t\t<\/div>\n\t\t\t\t<div class=\"elementor-element elementor-element-4edc2ee elementor-widget elementor-widget-spacer\" data-id=\"4edc2ee\" data-element_type=\"widget\" data-widget_type=\"spacer.default\">\n\t\t\t\t<div class=\"elementor-widget-container\">\n\t\t\t<style>\/*! elementor - v3.23.0 - 05-08-2024 *\/\n.elementor-column .elementor-spacer-inner{height:var(--spacer-size)}.e-con{--container-widget-width:100%}.e-con-inner>.elementor-widget-spacer,.e-con>.elementor-widget-spacer{width:var(--container-widget-width,var(--spacer-size));--align-self:var(--container-widget-align-self,initial);--flex-shrink:0}.e-con-inner>.elementor-widget-spacer>.elementor-widget-container,.e-con>.elementor-widget-spacer>.elementor-widget-container{height:100%;width:100%}.e-con-inner>.elementor-widget-spacer>.elementor-widget-container>.elementor-spacer,.e-con>.elementor-widget-spacer>.elementor-widget-container>.elementor-spacer{height:100%}.e-con-inner>.elementor-widget-spacer>.elementor-widget-container>.elementor-spacer>.elementor-spacer-inner,.e-con>.elementor-widget-spacer>.elementor-widget-container>.elementor-spacer>.elementor-spacer-inner{height:var(--container-widget-height,var(--spacer-size))}.e-con-inner>.elementor-widget-spacer.elementor-widget-empty,.e-con>.elementor-widget-spacer.elementor-widget-empty{position:relative;min-height:22px;min-width:22px}.e-con-inner>.elementor-widget-spacer.elementor-widget-empty .elementor-widget-empty-icon,.e-con>.elementor-widget-spacer.elementor-widget-empty .elementor-widget-empty-icon{position:absolute;top:0;bottom:0;left:0;right:0;margin:auto;padding:0;width:22px;height:22px}<\/style>\t\t<div class=\"elementor-spacer\">\n\t\t\t<div class=\"elementor-spacer-inner\"><\/div>\n\t\t<\/div>\n\t\t\t\t<\/div>\n\t\t\t\t<\/div>\n\t\t\t\t\t<\/div>\n\t\t\t\t<\/div>\n\t\t<div class=\"elementor-element elementor-element-c329651 e-flex e-con-boxed e-con e-parent\" data-id=\"c329651\" data-element_type=\"container\">\n\t\t\t\t\t<div class=\"e-con-inner\">\n\t\t<div class=\"elementor-element elementor-element-9aa9160 e-grid e-con-full e-con e-child\" data-id=\"9aa9160\" data-element_type=\"container\" data-settings=\"{&quot;background_background&quot;:&quot;gradient&quot;}\">\n\t\t\t\t<div class=\"elementor-element elementor-element-5f79bd7 elementor-widget elementor-widget-image\" data-id=\"5f79bd7\" data-element_type=\"widget\" data-widget_type=\"image.default\">\n\t\t\t\t<div class=\"elementor-widget-container\">\n\t\t\t<style>\/*! elementor - v3.23.0 - 05-08-2024 *\/\n.elementor-widget-image{text-align:center}.elementor-widget-image a{display:inline-block}.elementor-widget-image a img[src$=\".svg\"]{width:48px}.elementor-widget-image img{vertical-align:middle;display:inline-block}<\/style>\t\t\t\t\t\t\t\t\t\t\t<a href=\"https:\/\/folklorekuttolsheim.fr\/?page_id=146\">\n\t\t\t\t\t\t\t<img decoding=\"async\" src=\"https:\/\/folklorekuttolsheim.fr\/wp-content\/uploads\/2024\/07\/IMG-20240730-WA0051-e1722453122793.jpg\" title=\"IMG-20240730-WA0051\" alt=\"IMG-20240730-WA0051\" loading=\"lazy\" \/>\t\t\t\t\t\t\t\t<\/a>\n\t\t\t\t\t\t\t\t\t\t\t\t\t<\/div>\n\t\t\t\t<\/div>\n\t\t\t\t<div class=\"elementor-element elementor-element-e612cc9 elementor-widget elementor-widget-image\" data-id=\"e612cc9\" data-element_type=\"widget\" data-widget_type=\"image.default\">\n\t\t\t\t<div class=\"elementor-widget-container\">\n\t\t\t\t\t\t\t\t\t\t\t\t\t\t<a href=\"https:\/\/folklorekuttolsheim.fr\/?page_id=154\">\n\t\t\t\t\t\t\t<img decoding=\"async\" src=\"https:\/\/folklorekuttolsheim.fr\/wp-content\/uploads\/2024\/07\/IMG-20240730-WA0021-e1722411618139.jpg\" title=\"IMG-20240730-WA0021\" alt=\"IMG-20240730-WA0021\" loading=\"lazy\" \/>\t\t\t\t\t\t\t\t<\/a>\n\t\t\t\t\t\t\t\t\t\t\t\t\t<\/div>\n\t\t\t\t<\/div>\n\t\t\t\t<div class=\"elementor-element elementor-element-35e8cc3 elementor-widget elementor-widget-image\" data-id=\"35e8cc3\" data-element_type=\"widget\" data-widget_type=\"image.default\">\n\t\t\t\t<div class=\"elementor-widget-container\">\n\t\t\t\t\t\t\t\t\t\t\t\t\t\t<a href=\"https:\/\/folklorekuttolsheim.fr\/?page_id=156\">\n\t\t\t\t\t\t\t<img decoding=\"async\" src=\"https:\/\/folklorekuttolsheim.fr\/wp-content\/uploads\/2024\/07\/055-Folklore-1167-Catherine-Theulin-scaled-e1722453151207.jpg\" title=\"055-Folklore-1167-Catherine Theulin\" alt=\"055-Folklore-1167-Catherine Theulin\" loading=\"lazy\" \/>\t\t\t\t\t\t\t\t<\/a>\n\t\t\t\t\t\t\t\t\t\t\t\t\t<\/div>\n\t\t\t\t<\/div>\n\t\t\t\t<div class=\"elementor-element elementor-element-cf30655 elementor-widget elementor-widget-heading\" data-id=\"cf30655\" data-element_type=\"widget\" data-widget_type=\"heading.default\">\n\t\t\t\t<div class=\"elementor-widget-container\">\n\t\t\t<h2 class=\"elementor-heading-title elementor-size-default\"><a href=\"https:\/\/folklorekuttolsheim.fr\/?page_id=146\">Costumes des femmes<\/a><\/h2>\t\t<\/div>\n\t\t\t\t<\/div>\n\t\t\t\t<div class=\"elementor-element elementor-element-a4ae516 elementor-widget elementor-widget-heading\" data-id=\"a4ae516\" data-element_type=\"widget\" data-widget_type=\"heading.default\">\n\t\t\t\t<div class=\"elementor-widget-container\">\n\t\t\t<h2 class=\"elementor-heading-title elementor-size-default\"><a href=\"https:\/\/folklorekuttolsheim.fr\/?page_id=154\">Costumes des hommes<\/a><\/h2>\t\t<\/div>\n\t\t\t\t<\/div>\n\t\t\t\t<div class=\"elementor-element elementor-element-5e2cd4a elementor-widget elementor-widget-heading\" data-id=\"5e2cd4a\" data-element_type=\"widget\" data-widget_type=\"heading.default\">\n\t\t\t\t<div class=\"elementor-widget-container\">\n\t\t\t<h2 class=\"elementor-heading-title elementor-size-default\"><a href=\"https:\/\/folklorekuttolsheim.fr\/?page_id=156\">Costumes des enfants<\/a><\/h2>\t\t<\/div>\n\t\t\t\t<\/div>\n\t\t\t\t<\/div>\n\t\t\t\t\t<\/div>\n\t\t\t\t<\/div>\n\t\t\t\t<\/div>\n\t\t","protected":false},"excerpt":{"rendered":"<p>Parler du costume alsacien c\u2019est d\u00e9couvrir la richesse, la vari\u00e9t\u00e9 des formes et des couleurs. Le costume alsacien est d\u00e9fini par un code vestimentaire tr\u00e8s &hellip;<\/p>\n","protected":false},"author":1,"featured_media":0,"parent":0,"menu_order":0,"comment_status":"closed","ping_status":"closed","template":"","meta":{"footnotes":""},"class_list":["post-49","page","type-page","status-publish","hentry"],"_links":{"self":[{"href":"https:\/\/folklorekuttolsheim.fr\/index.php?rest_route=\/wp\/v2\/pages\/49","targetHints":{"allow":["GET"]}}],"collection":[{"href":"https:\/\/folklorekuttolsheim.fr\/index.php?rest_route=\/wp\/v2\/pages"}],"about":[{"href":"https:\/\/folklorekuttolsheim.fr\/index.php?rest_route=\/wp\/v2\/types\/page"}],"author":[{"embeddable":true,"href":"https:\/\/folklorekuttolsheim.fr\/index.php?rest_route=\/wp\/v2\/users\/1"}],"replies":[{"embeddable":true,"href":"https:\/\/folklorekuttolsheim.fr\/index.php?rest_route=%2Fwp%2Fv2%2Fcomments&post=49"}],"version-history":[{"count":46,"href":"https:\/\/folklorekuttolsheim.fr\/index.php?rest_route=\/wp\/v2\/pages\/49\/revisions"}],"predecessor-version":[{"id":235,"href":"https:\/\/folklorekuttolsheim.fr\/index.php?rest_route=\/wp\/v2\/pages\/49\/revisions\/235"}],"wp:attachment":[{"href":"https:\/\/folklorekuttolsheim.fr\/index.php?rest_route=%2Fwp%2Fv2%2Fmedia&parent=49"}],"curies":[{"name":"wp","href":"https:\/\/api.w.org\/{rel}","templated":true}]}}