{"id":154,"date":"2024-07-31T14:18:40","date_gmt":"2024-07-31T12:18:40","guid":{"rendered":"https:\/\/folklorekuttolsheim.fr\/?page_id=154"},"modified":"2024-08-02T17:10:29","modified_gmt":"2024-08-02T15:10:29","slug":"costumes-des-hommes","status":"publish","type":"page","link":"https:\/\/folklorekuttolsheim.fr\/?page_id=154","title":{"rendered":"Costumes des hommes"},"content":{"rendered":"\t\t<div data-elementor-type=\"wp-page\" data-elementor-id=\"154\" class=\"elementor elementor-154\">\n\t\t\t\t<div class=\"elementor-element elementor-element-a9c4dc5 e-flex e-con-boxed e-con e-parent\" data-id=\"a9c4dc5\" data-element_type=\"container\">\n\t\t\t\t\t<div class=\"e-con-inner\">\n\t\t\t\t<div class=\"elementor-element elementor-element-eb9b9ce elementor-widget elementor-widget-heading\" data-id=\"eb9b9ce\" data-element_type=\"widget\" data-settings=\"{&quot;_animation&quot;:&quot;none&quot;}\" data-widget_type=\"heading.default\">\n\t\t\t\t<div class=\"elementor-widget-container\">\n\t\t\t<style>\/*! elementor - v3.23.0 - 05-08-2024 *\/\n.elementor-heading-title{padding:0;margin:0;line-height:1}.elementor-widget-heading .elementor-heading-title[class*=elementor-size-]>a{color:inherit;font-size:inherit;line-height:inherit}.elementor-widget-heading .elementor-heading-title.elementor-size-small{font-size:15px}.elementor-widget-heading .elementor-heading-title.elementor-size-medium{font-size:19px}.elementor-widget-heading .elementor-heading-title.elementor-size-large{font-size:29px}.elementor-widget-heading .elementor-heading-title.elementor-size-xl{font-size:39px}.elementor-widget-heading .elementor-heading-title.elementor-size-xxl{font-size:59px}<\/style><h2 class=\"elementor-heading-title elementor-size-default\">Le costume de travail<\/h2>\t\t<\/div>\n\t\t\t\t<\/div>\n\t\t\t\t<div class=\"elementor-element elementor-element-14fac67 elementor-widget elementor-widget-text-editor\" data-id=\"14fac67\" data-element_type=\"widget\" data-widget_type=\"text-editor.default\">\n\t\t\t\t<div class=\"elementor-widget-container\">\n\t\t\t<style>\/*! elementor - v3.23.0 - 05-08-2024 *\/\n.elementor-widget-text-editor.elementor-drop-cap-view-stacked .elementor-drop-cap{background-color:#69727d;color:#fff}.elementor-widget-text-editor.elementor-drop-cap-view-framed .elementor-drop-cap{color:#69727d;border:3px solid;background-color:transparent}.elementor-widget-text-editor:not(.elementor-drop-cap-view-default) .elementor-drop-cap{margin-top:8px}.elementor-widget-text-editor:not(.elementor-drop-cap-view-default) .elementor-drop-cap-letter{width:1em;height:1em}.elementor-widget-text-editor .elementor-drop-cap{float:left;text-align:center;line-height:1;font-size:50px}.elementor-widget-text-editor .elementor-drop-cap-letter{display:inline-block}<\/style>\t\t\t\t<p><br \/><img fetchpriority=\"high\" decoding=\"async\" class=\"alignleft size-medium wp-image-199\" src=\"http:\/\/folklorekuttolsheim.fr\/wp-content\/uploads\/2024\/08\/IMG-20230813-WA0070-e1722611382428-214x300.jpg\" alt=\"\" width=\"214\" height=\"300\" srcset=\"https:\/\/folklorekuttolsheim.fr\/wp-content\/uploads\/2024\/08\/IMG-20230813-WA0070-e1722611382428-214x300.jpg 214w, https:\/\/folklorekuttolsheim.fr\/wp-content\/uploads\/2024\/08\/IMG-20230813-WA0070-e1722611382428-731x1024.jpg 731w, https:\/\/folklorekuttolsheim.fr\/wp-content\/uploads\/2024\/08\/IMG-20230813-WA0070-e1722611382428-768x1077.jpg 768w, https:\/\/folklorekuttolsheim.fr\/wp-content\/uploads\/2024\/08\/IMG-20230813-WA0070-e1722611382428.jpg 906w\" sizes=\"(max-width: 214px) 100vw, 214px\" \/><br \/><img decoding=\"async\" class=\"alignright wp-image-165\" src=\"http:\/\/folklorekuttolsheim.fr\/wp-content\/uploads\/2024\/07\/184-Folklore-1167-Catherine-Theulin-1024x683.jpg\" alt=\"\" width=\"500\" height=\"333\" srcset=\"https:\/\/folklorekuttolsheim.fr\/wp-content\/uploads\/2024\/07\/184-Folklore-1167-Catherine-Theulin-1024x683.jpg 1024w, https:\/\/folklorekuttolsheim.fr\/wp-content\/uploads\/2024\/07\/184-Folklore-1167-Catherine-Theulin-300x200.jpg 300w, https:\/\/folklorekuttolsheim.fr\/wp-content\/uploads\/2024\/07\/184-Folklore-1167-Catherine-Theulin-768x512.jpg 768w, https:\/\/folklorekuttolsheim.fr\/wp-content\/uploads\/2024\/07\/184-Folklore-1167-Catherine-Theulin-1536x1024.jpg 1536w, https:\/\/folklorekuttolsheim.fr\/wp-content\/uploads\/2024\/07\/184-Folklore-1167-Catherine-Theulin-2048x1365.jpg 2048w, https:\/\/folklorekuttolsheim.fr\/wp-content\/uploads\/2024\/07\/184-Folklore-1167-Catherine-Theulin-450x300.jpg 450w\" sizes=\"(max-width: 500px) 100vw, 500px\" \/>Pour aller aux champs, l&#8217;<strong>Alsacien portait une<\/strong> <strong>large blouse<\/strong> bleu fonc\u00e9e en toile et un chapeau de paille.<\/p>\t\t\t\t\t\t<\/div>\n\t\t\t\t<\/div>\n\t\t\t\t<div class=\"elementor-element elementor-element-9c94e31 elementor-widget elementor-widget-heading\" data-id=\"9c94e31\" data-element_type=\"widget\" data-widget_type=\"heading.default\">\n\t\t\t\t<div class=\"elementor-widget-container\">\n\t\t\t<h2 class=\"elementor-heading-title elementor-size-default\">Le costume de conscrit<\/h2>\t\t<\/div>\n\t\t\t\t<\/div>\n\t\t\t\t<div class=\"elementor-element elementor-element-466a606 elementor-widget elementor-widget-text-editor\" data-id=\"466a606\" data-element_type=\"widget\" data-widget_type=\"text-editor.default\">\n\t\t\t\t<div class=\"elementor-widget-container\">\n\t\t\t\t\t\t\t<p><strong><img decoding=\"async\" class=\"alignleft size-medium wp-image-166\" src=\"http:\/\/folklorekuttolsheim.fr\/wp-content\/uploads\/2024\/07\/180-Folklore-1167-Catherine-Theulin-200x300.jpg\" alt=\"\" width=\"200\" height=\"300\" srcset=\"https:\/\/folklorekuttolsheim.fr\/wp-content\/uploads\/2024\/07\/180-Folklore-1167-Catherine-Theulin-200x300.jpg 200w, https:\/\/folklorekuttolsheim.fr\/wp-content\/uploads\/2024\/07\/180-Folklore-1167-Catherine-Theulin-683x1024.jpg 683w, https:\/\/folklorekuttolsheim.fr\/wp-content\/uploads\/2024\/07\/180-Folklore-1167-Catherine-Theulin-768x1152.jpg 768w, https:\/\/folklorekuttolsheim.fr\/wp-content\/uploads\/2024\/07\/180-Folklore-1167-Catherine-Theulin-1024x1536.jpg 1024w, https:\/\/folklorekuttolsheim.fr\/wp-content\/uploads\/2024\/07\/180-Folklore-1167-Catherine-Theulin-1365x2048.jpg 1365w, https:\/\/folklorekuttolsheim.fr\/wp-content\/uploads\/2024\/07\/180-Folklore-1167-Catherine-Theulin-scaled.jpg 1706w\" sizes=\"(max-width: 200px) 100vw, 200px\" \/>Pour chaque occasion de la vie, il y avait un costume sp\u00e9cifique<\/strong>, comme par exemple lors de la conscription c\u2019est-\u00e0-dire lorsque les jeunes hommes partaient faire leur service militaire.<\/p>\n<p><strong>Un jeune conscrit portait un costume particulier<\/strong> : un pantalon blanc, une chemise blanche et un tablier blanc brod\u00e9 o\u00f9 l&#8217;on pouvait lire diverses informations : son m\u00e9tier, sa classe d&#8217;\u00e2ge, son village d&#8217;origine.<\/p>\n<p><strong>La marque distinctive \u00e9tait un chapeau<\/strong> <strong>d\u00e9cor\u00e9<\/strong> de fleurs artificielles, de plumes et de rubans. D\u2019ailleurs le <strong>nombre de rubans<\/strong> n\u2019\u00e9tait pas anodin puisqu\u2019il permettait de montrer le <strong>nombre de conqu\u00eates f\u00e9minines<\/strong> ! <span style=\"text-decoration: underline;\">Le plus beau ruban venait de l\u2019\u00e9lue de son c\u0153ur.<\/span><\/p>\t\t\t\t\t\t<\/div>\n\t\t\t\t<\/div>\n\t\t\t\t<div class=\"elementor-element elementor-element-4094b30 elementor-widget elementor-widget-heading\" data-id=\"4094b30\" data-element_type=\"widget\" data-widget_type=\"heading.default\">\n\t\t\t\t<div class=\"elementor-widget-container\">\n\t\t\t<h2 class=\"elementor-heading-title elementor-size-default\">Le costume de f\u00eate<\/h2>\t\t<\/div>\n\t\t\t\t<\/div>\n\t\t\t\t<div class=\"elementor-element elementor-element-4159494 elementor-widget elementor-widget-text-editor\" data-id=\"4159494\" data-element_type=\"widget\" data-widget_type=\"text-editor.default\">\n\t\t\t\t<div class=\"elementor-widget-container\">\n\t\t\t\t\t\t\t<p><img loading=\"lazy\" decoding=\"async\" class=\"aligncenter wp-image-167 size-large\" src=\"http:\/\/folklorekuttolsheim.fr\/wp-content\/uploads\/2024\/07\/IMG-20240730-WA0022-1024x473.jpg\" alt=\"\" width=\"1024\" height=\"473\" srcset=\"https:\/\/folklorekuttolsheim.fr\/wp-content\/uploads\/2024\/07\/IMG-20240730-WA0022-1024x473.jpg 1024w, https:\/\/folklorekuttolsheim.fr\/wp-content\/uploads\/2024\/07\/IMG-20240730-WA0022-300x139.jpg 300w, https:\/\/folklorekuttolsheim.fr\/wp-content\/uploads\/2024\/07\/IMG-20240730-WA0022-768x355.jpg 768w, https:\/\/folklorekuttolsheim.fr\/wp-content\/uploads\/2024\/07\/IMG-20240730-WA0022-1536x710.jpg 1536w, https:\/\/folklorekuttolsheim.fr\/wp-content\/uploads\/2024\/07\/IMG-20240730-WA0022-583x269.jpg 583w, https:\/\/folklorekuttolsheim.fr\/wp-content\/uploads\/2024\/07\/IMG-20240730-WA0022.jpg 2000w\" sizes=\"(max-width: 1024px) 100vw, 1024px\" \/>Dans le Kochersberg ou le Pays de Hanau les Alsaciens portaient\u00a0:<\/p>\n<p><strong>&#8211; une chemise blanche, <\/strong>qui se portait \u00e0 l&#8217;origine avec <strong>une culotte \u00ab \u00e0 la fran\u00e7aise<\/strong> \u00bb du 16\u00e8 jusqu&#8217;au milieu du 19\u00e8 si\u00e8cle <strong>avec des gu\u00eatres <\/strong>(blanches les jours de f\u00eate, bleues ou grises en semaine).<\/p>\n<p>La R\u00e9volution et ses \u00ab sans culottes \u00bb d\u00e9tr\u00f4n\u00e8rent la culotte et introduisirent <strong>la mode des pantalons \u00e9troits<\/strong> boutonn\u00e9s sur tout le long. A partir de 1840, le nombre de boutons diminue.<\/p>\n<p><strong>&#8211; un gilet rouge garni de boutons<\/strong> en or si l\u2019homme \u00e9tait riche. (pi\u00e8ce ma\u00eetresse du costume alsacien !) Son origine remonte \u00e0 la sanglante Guerre des Rustauds (Paysans) du 16\u00e8 si\u00e8cle.<\/p>\n<p>&#8211; <strong>une veste courte noire<\/strong> seulement depuis le 19\u00e8 si\u00e8cle ; orn\u00e9 d&#8217;une double rang\u00e9e de boutons. Avant, la redingote longue, montante, en drap noir, brun, bleu p\u00e2le ou bleu fonc\u00e9 ou en toile blanche rempla\u00e7ait la veste bien connue noire. La redingote se portait avec la culotte et \u00e9tait l&#8217;apanage des hommes mari\u00e9s. Elle s&#8217;est maintenue longtemps au nord de l&#8217;Alsace.<\/p>\n<p><strong>&#8211; un chapeau<\/strong> de feutre noir \u00e0 large bord.<\/p>\n<p>\u00a0<\/p>\n<p><em>D&#8217;ailleurs <strong>cette association de couleur gilet rouge et chemise blanche est typique pour l&#8217;Alsace. <\/strong>On la retrouve dans les armoiries de Strasbourg, de Mulhouse, de S\u00e9lestat, de Wissembourg et dans tout le secteur al\u00e9manique (Fribourg par exemple) et sur une gravure du 16\u00e8 si\u00e8cle repr\u00e9sentant le soul\u00e8vement paysan on voit une banni\u00e8re rouge et blanche avec le slogan \u00ab Libert\u00e9 \u00bb.<\/em><\/p>\t\t\t\t\t\t<\/div>\n\t\t\t\t<\/div>\n\t\t\t\t<div class=\"elementor-element elementor-element-7db174e elementor-widget elementor-widget-heading\" data-id=\"7db174e\" data-element_type=\"widget\" data-widget_type=\"heading.default\">\n\t\t\t\t<div class=\"elementor-widget-container\">\n\t\t\t<h2 class=\"elementor-heading-title elementor-size-default\">Le costume de mariage<\/h2>\t\t<\/div>\n\t\t\t\t<\/div>\n\t\t\t\t<div class=\"elementor-element elementor-element-961f6f9 elementor-widget elementor-widget-text-editor\" data-id=\"961f6f9\" data-element_type=\"widget\" data-widget_type=\"text-editor.default\">\n\t\t\t\t<div class=\"elementor-widget-container\">\n\t\t\t\t\t\t\t<p><img loading=\"lazy\" decoding=\"async\" class=\"alignleft wp-image-168\" src=\"http:\/\/folklorekuttolsheim.fr\/wp-content\/uploads\/2024\/07\/084-Folklore-1167-Catherine-Theulin-300x200.jpg\" alt=\"\" width=\"400\" height=\"267\" srcset=\"https:\/\/folklorekuttolsheim.fr\/wp-content\/uploads\/2024\/07\/084-Folklore-1167-Catherine-Theulin-300x200.jpg 300w, https:\/\/folklorekuttolsheim.fr\/wp-content\/uploads\/2024\/07\/084-Folklore-1167-Catherine-Theulin-1024x683.jpg 1024w, https:\/\/folklorekuttolsheim.fr\/wp-content\/uploads\/2024\/07\/084-Folklore-1167-Catherine-Theulin-768x512.jpg 768w, https:\/\/folklorekuttolsheim.fr\/wp-content\/uploads\/2024\/07\/084-Folklore-1167-Catherine-Theulin-1536x1024.jpg 1536w, https:\/\/folklorekuttolsheim.fr\/wp-content\/uploads\/2024\/07\/084-Folklore-1167-Catherine-Theulin-2048x1365.jpg 2048w, https:\/\/folklorekuttolsheim.fr\/wp-content\/uploads\/2024\/07\/084-Folklore-1167-Catherine-Theulin-450x300.jpg 450w\" sizes=\"(max-width: 400px) 100vw, 400px\" \/><img loading=\"lazy\" decoding=\"async\" class=\"alignright wp-image-169\" src=\"http:\/\/folklorekuttolsheim.fr\/wp-content\/uploads\/2024\/07\/IMG-20240727-WA0043-225x300.jpg\" alt=\"\" width=\"350\" height=\"467\" srcset=\"https:\/\/folklorekuttolsheim.fr\/wp-content\/uploads\/2024\/07\/IMG-20240727-WA0043-225x300.jpg 225w, https:\/\/folklorekuttolsheim.fr\/wp-content\/uploads\/2024\/07\/IMG-20240727-WA0043-768x1024.jpg 768w, https:\/\/folklorekuttolsheim.fr\/wp-content\/uploads\/2024\/07\/IMG-20240727-WA0043-1152x1536.jpg 1152w, https:\/\/folklorekuttolsheim.fr\/wp-content\/uploads\/2024\/07\/IMG-20240727-WA0043.jpg 1200w\" sizes=\"(max-width: 350px) 100vw, 350px\" \/>Le costume dans son essence m\u00eame, est exceptionnel et li\u00e9 \u00e0 l\u2019id\u00e9e de f\u00eate, de c\u00e9r\u00e9monie, de rite. Il est \u00e0 l\u2019honneur \u00e0 toutes les f\u00eates paysannes, religieuses ou profanes, \u00e0 toutes les \u00e9tapes de la vie comme par exemple lors du mariage.<\/p>\n<p>\u00a0<\/p>\n<p><strong>Le plus beau costume, celui que les paysans emportaient dans leur tombe, \u00e9tait le costume de mariage.<\/strong><\/p>\n<p>\u00a0<\/p>\n<p><strong>Le mari\u00e9 <\/strong>pouvait porter une <strong>redingote<\/strong> noire, un <strong>gilet de soie<\/strong> broch\u00e9e ou de velours, un <strong>pantalon noir<\/strong> et un <strong>tricorne<\/strong>, de \u00ab\u00a0Nevelspalter\u00a0\u00bb qui lui indiquait la direction de son foyer si apr\u00e8s la f\u00eate il n\u2019\u00e9tait plus en mesure de retrouver le chemin qui m\u00e8ne \u00e0 sa ch\u00e8re et tendre\u00a0! Sur le chapeau et sur la redingote \u00e9taient fix\u00e9s des bouquets de fleurs.<\/p>\t\t\t\t\t\t<\/div>\n\t\t\t\t<\/div>\n\t\t\t\t\t<\/div>\n\t\t\t\t<\/div>\n\t\t\t\t<\/div>\n\t\t","protected":false},"excerpt":{"rendered":"<p>Le costume de travail Pour aller aux champs, l&#8217;Alsacien portait une large blouse bleu fonc\u00e9e en toile et un chapeau de paille. Le costume de &hellip;<\/p>\n","protected":false},"author":1,"featured_media":0,"parent":49,"menu_order":2,"comment_status":"closed","ping_status":"closed","template":"","meta":{"footnotes":""},"class_list":["post-154","page","type-page","status-publish","hentry"],"_links":{"self":[{"href":"https:\/\/folklorekuttolsheim.fr\/index.php?rest_route=\/wp\/v2\/pages\/154","targetHints":{"allow":["GET"]}}],"collection":[{"href":"https:\/\/folklorekuttolsheim.fr\/index.php?rest_route=\/wp\/v2\/pages"}],"about":[{"href":"https:\/\/folklorekuttolsheim.fr\/index.php?rest_route=\/wp\/v2\/types\/page"}],"author":[{"embeddable":true,"href":"https:\/\/folklorekuttolsheim.fr\/index.php?rest_route=\/wp\/v2\/users\/1"}],"replies":[{"embeddable":true,"href":"https:\/\/folklorekuttolsheim.fr\/index.php?rest_route=%2Fwp%2Fv2%2Fcomments&post=154"}],"version-history":[{"count":16,"href":"https:\/\/folklorekuttolsheim.fr\/index.php?rest_route=\/wp\/v2\/pages\/154\/revisions"}],"predecessor-version":[{"id":223,"href":"https:\/\/folklorekuttolsheim.fr\/index.php?rest_route=\/wp\/v2\/pages\/154\/revisions\/223"}],"up":[{"embeddable":true,"href":"https:\/\/folklorekuttolsheim.fr\/index.php?rest_route=\/wp\/v2\/pages\/49"}],"wp:attachment":[{"href":"https:\/\/folklorekuttolsheim.fr\/index.php?rest_route=%2Fwp%2Fv2%2Fmedia&parent=154"}],"curies":[{"name":"wp","href":"https:\/\/api.w.org\/{rel}","templated":true}]}}